{"id":1608,"date":"2020-12-03T06:23:21","date_gmt":"2020-12-03T06:23:21","guid":{"rendered":"https:\/\/www.newine.com.ar\/?page_id=1608"},"modified":"2021-10-28T03:28:31","modified_gmt":"2021-10-28T03:28:31","slug":"mini","status":"publish","type":"page","link":"https:\/\/www.newine.com.ar\/en\/mini\/","title":{"rendered":"Mini"},"content":{"rendered":"<p>[et_pb_section fb_built=&#8221;1&#8243; _builder_version=&#8221;4.4.2&#8243; da_disable_devices=&#8221;off|off|off&#8221; da_is_popup=&#8221;off&#8221; da_exit_intent=&#8221;off&#8221; da_has_close=&#8221;on&#8221; da_alt_close=&#8221;off&#8221; da_dark_close=&#8221;off&#8221; da_not_modal=&#8221;on&#8221; da_is_singular=&#8221;off&#8221; da_with_loader=&#8221;off&#8221; da_has_shadow=&#8221;on&#8221;][et_pb_row column_structure=&#8221;3_5,2_5&#8243; make_equal=&#8221;on&#8221; _builder_version=&#8221;4.4.2&#8243;][et_pb_column type=&#8221;3_5&#8243; _builder_version=&#8221;4.4.2&#8243; custom_padding=&#8221;|50px|||false|false&#8221; custom_padding_tablet=&#8221;|0px||0px|false|false&#8221; custom_padding_phone=&#8221;&#8221; custom_padding_last_edited=&#8221;on|tablet&#8221; custom_css_main_element=&#8221;margin: auto;&#8221;][et_pb_text _builder_version=&#8221;4.9.10&#8243; text_font=&#8221;Biryani||||||||&#8221; header_2_text_color=&#8221;#000000&#8243; header_3_text_color=&#8221;#81756D&#8221; header_3_font_size=&#8221;22px&#8221; text_orientation_tablet=&#8221;center&#8221; text_orientation_phone=&#8221;&#8221; text_orientation_last_edited=&#8221;on|phone&#8221; module_alignment_tablet=&#8221;&#8221; module_alignment_phone=&#8221;center&#8221; module_alignment_last_edited=&#8221;on|phone&#8221;]<\/p>\n<h2>Mini<\/h2>\n<h3><strong>2\u00a0<\/strong>bottles<\/h3>\n<p>The best of our technology in an agile design tought for small spaces, small warehouses, the living room of your house or the kitchen. With capacity for two bottles, it preserves your wine for 21 days and it\u00b4s always ready to our a glass of wine at the perfect temperature. No need to look for any more excuses to live the #BytheGlass experience.<\/p>\n<p>[\/et_pb_text][\/et_pb_column][et_pb_column type=&#8221;2_5&#8243; _builder_version=&#8221;4.4.2&#8243;][et_pb_image src=&#8221;https:\/\/www.newine.com.ar\/wp-content\/uploads\/2021\/05\/DISPENSADORA-A-OK.png&#8221; alt=&#8221;Wine Dispensers Vino por copa&#8221; align_tablet=&#8221;center&#8221; align_phone=&#8221;&#8221; align_last_edited=&#8221;on|phone&#8221; _builder_version=&#8221;4.9.10&#8243; width=&#8221;24vw&#8221; width_tablet=&#8221;50vw&#8221; width_phone=&#8221;&#8221; width_last_edited=&#8221;on|desktop&#8221; module_alignment=&#8221;center&#8221; custom_margin_tablet=&#8221;30px||||false|false&#8221; custom_margin_phone=&#8221;&#8221; custom_margin_last_edited=&#8221;on|phone&#8221; module_alignment_tablet=&#8221;&#8221; module_alignment_phone=&#8221;&#8221; module_alignment_last_edited=&#8221;on|desktop&#8221;][\/et_pb_image][\/et_pb_column][\/et_pb_row][et_pb_row _builder_version=&#8221;4.4.2&#8243;][et_pb_column type=&#8221;4_4&#8243; _builder_version=&#8221;4.4.2&#8243;][et_pb_text _builder_version=&#8221;4.4.2&#8243; header_3_text_color=&#8221;#000000&#8243; header_3_font_size=&#8221;22px&#8221; header_4_text_color=&#8221;#000000&#8243;]<\/p>\n<h3 style=\"text-align: center;\">MAIN CHARACTERISTICS<\/h3>\n<p>[\/et_pb_text][\/et_pb_column][\/et_pb_row][et_pb_row column_structure=&#8221;1_2,1_2&#8243; make_equal=&#8221;on&#8221; _builder_version=&#8221;4.4.2&#8243; module_alignment=&#8221;center&#8221;][et_pb_column type=&#8221;1_2&#8243; _builder_version=&#8221;4.9.10&#8243; background_color=&#8221;#CAC4BE&#8221; border_radii=&#8221;on|10px|10px|10px|10px&#8221;][et_pb_blurb title=&#8221;OPERATING TEMPERATURE&#8221; use_icon=&#8221;on&#8221; font_icon=&#8221;%%45%%&#8221; icon_color=&#8221;#000000&#8243; icon_placement=&#8221;left&#8221; use_icon_font_size=&#8221;on&#8221; icon_font_size=&#8221;23px&#8221; _builder_version=&#8221;4.9.10&#8243; header_font=&#8221;|600|||||||&#8221; header_text_color=&#8221;#000000&#8243; header_font_size=&#8221;14px&#8221; body_text_color=&#8221;#000000&#8243; background_layout=&#8221;dark&#8221; custom_margin=&#8221;30px|30px||30px|false|false&#8221;]<\/p>\n<p>Programmable temperatures between 5\u00baC and 18\u00baC with digital electronic control.<\/p>\n<p>[\/et_pb_blurb][et_pb_blurb title=&#8221;DOSAGE&#8221; use_icon=&#8221;on&#8221; font_icon=&#8221;%%45%%&#8221; icon_color=&#8221;#000000&#8243; icon_placement=&#8221;left&#8221; use_icon_font_size=&#8221;on&#8221; icon_font_size=&#8221;23px&#8221; _builder_version=&#8221;4.9.10&#8243; header_font=&#8221;|600|||||||&#8221; header_text_color=&#8221;#000000&#8243; header_font_size=&#8221;14px&#8221; body_text_color=&#8221;#000000&#8243; background_layout=&#8221;dark&#8221; custom_margin=&#8221;30px|30px||30px|false|false&#8221;]<\/p>\n<p>3 configurable measurements.<\/p>\n<p>[\/et_pb_blurb][et_pb_blurb title=&#8221;INTERIOR LIGHTING&#8221; use_icon=&#8221;on&#8221; font_icon=&#8221;%%45%%&#8221; icon_color=&#8221;#000000&#8243; icon_placement=&#8221;left&#8221; use_icon_font_size=&#8221;on&#8221; icon_font_size=&#8221;23px&#8221; _builder_version=&#8221;4.9.10&#8243; header_font=&#8221;|600|||||||&#8221; header_text_color=&#8221;#000000&#8243; header_font_size=&#8221;14px&#8221; body_text_color=&#8221;#000000&#8243; background_layout=&#8221;dark&#8221; custom_margin=&#8221;30px|30px||30px|false|false&#8221;]<\/p>\n<p>Cool LED system that does not distort the quality of the wine.<\/p>\n<p>[\/et_pb_blurb][et_pb_blurb title=&#8221;FLEXIBLE BASES&#8221; use_icon=&#8221;on&#8221; font_icon=&#8221;%%45%%&#8221; icon_color=&#8221;#000000&#8243; icon_placement=&#8221;left&#8221; use_icon_font_size=&#8221;on&#8221; icon_font_size=&#8221;23px&#8221; _builder_version=&#8221;4.9.10&#8243; header_font=&#8221;|600|||||||&#8221; header_text_color=&#8221;#000000&#8243; header_font_size=&#8221;14px&#8221; body_text_color=&#8221;#000000&#8243; background_layout=&#8221;dark&#8221; custom_margin=&#8221;30px|30px||30px|false|false&#8221;]<\/p>\n<p>They adapt to the different heights of the bottles.<\/p>\n<p>[\/et_pb_blurb][et_pb_blurb title=&#8221;FINISHING AND COLORS&#8221; use_icon=&#8221;on&#8221; font_icon=&#8221;%%45%%&#8221; icon_color=&#8221;#000000&#8243; icon_placement=&#8221;left&#8221; use_icon_font_size=&#8221;on&#8221; icon_font_size=&#8221;23px&#8221; _builder_version=&#8221;4.9.10&#8243; header_font=&#8221;|600|||||||&#8221; header_text_color=&#8221;#000000&#8243; header_font_size=&#8221;14px&#8221; body_text_color=&#8221;#000000&#8243; background_layout=&#8221;dark&#8221; custom_margin=&#8221;30px|30px||30px|false|false&#8221;]<\/p>\n<p>Black Standard &#8211; Others, consult.<\/p>\n<p>[\/et_pb_blurb][et_pb_blurb title=&#8221;CLEANING&#8221; use_icon=&#8221;on&#8221; font_icon=&#8221;%%45%%&#8221; icon_color=&#8221;#000000&#8243; icon_placement=&#8221;left&#8221; use_icon_font_size=&#8221;on&#8221; icon_font_size=&#8221;23px&#8221; _builder_version=&#8221;4.9.10&#8243; header_font=&#8221;|600|||||||&#8221; header_text_color=&#8221;#000000&#8243; header_font_size=&#8221;14px&#8221; body_text_color=&#8221;#000000&#8243; background_layout=&#8221;dark&#8221; custom_margin=&#8221;30px|30px|30px|30px|false|false&#8221;]<\/p>\n<p>Removable components that facilitate the maintenance and hygiene of the equipment.<\/p>\n<p>[\/et_pb_blurb][\/et_pb_column][et_pb_column type=&#8221;1_2&#8243; _builder_version=&#8221;4.9.10&#8243; background_color=&#8221;#CAC4BE&#8221; border_radii=&#8221;on|10px|10px|10px|10px&#8221;][et_pb_blurb title=&#8221;CAPACITY&#8221; use_icon=&#8221;on&#8221; font_icon=&#8221;%%45%%&#8221; icon_color=&#8221;#000000&#8243; icon_placement=&#8221;left&#8221; use_icon_font_size=&#8221;on&#8221; icon_font_size=&#8221;23px&#8221; _builder_version=&#8221;4.9.10&#8243; header_font=&#8221;|600|||||||&#8221; header_text_color=&#8221;#000000&#8243; header_font_size=&#8221;14px&#8221; body_text_color=&#8221;#000000&#8243; background_layout=&#8221;dark&#8221; custom_margin=&#8221;30px|30px||30px|false|false&#8221;]<\/p>\n<p>2 <span style=\"font-weight: 400;\">bottles<\/span>.<\/p>\n<p>[\/et_pb_blurb][et_pb_blurb title=&#8221;REFRIGERATION SYSTEM&#8221; use_icon=&#8221;on&#8221; font_icon=&#8221;%%45%%&#8221; icon_color=&#8221;#000000&#8243; icon_placement=&#8221;left&#8221; use_icon_font_size=&#8221;on&#8221; icon_font_size=&#8221;23px&#8221; _builder_version=&#8221;4.9.10&#8243; header_font=&#8221;|600|||||||&#8221; header_text_color=&#8221;#000000&#8243; header_font_size=&#8221;14px&#8221; body_text_color=&#8221;#000000&#8243; background_layout=&#8221;dark&#8221; custom_margin=&#8221;30px|30px||30px|false|false&#8221;]<\/p>\n<p>Compressor system for maximum efficiency.<\/p>\n<p>[\/et_pb_blurb][et_pb_blurb title=&#8221;FEEDING&#8221; use_icon=&#8221;on&#8221; font_icon=&#8221;%%45%%&#8221; icon_color=&#8221;#000000&#8243; icon_placement=&#8221;left&#8221; use_icon_font_size=&#8221;on&#8221; icon_font_size=&#8221;23px&#8221; _builder_version=&#8221;4.9.10&#8243; header_font=&#8221;|600|||||||&#8221; header_text_color=&#8221;#000000&#8243; header_font_size=&#8221;14px&#8221; body_text_color=&#8221;#000000&#8243; background_layout=&#8221;dark&#8221; custom_margin=&#8221;30px|30px||30px|false|false&#8221;]<\/p>\n<p>A food inert gas is used. Argon gas. 100% recyclable tube.<\/p>\n<p>[\/et_pb_blurb][et_pb_blurb title=&#8221;POSITIONING&#8221; use_icon=&#8221;on&#8221; font_icon=&#8221;%%45%%&#8221; icon_color=&#8221;#000000&#8243; icon_placement=&#8221;left&#8221; use_icon_font_size=&#8221;on&#8221; icon_font_size=&#8221;23px&#8221; _builder_version=&#8221;4.9.10&#8243; header_font=&#8221;|600|||||||&#8221; header_text_color=&#8221;#000000&#8243; header_font_size=&#8221;14px&#8221; body_text_color=&#8221;#000000&#8243; background_layout=&#8221;dark&#8221; custom_margin=&#8221;30px|30px||30px|false|false&#8221;]<\/p>\n<p>They require 10 cm per side for ventilation.<\/p>\n<p>[\/et_pb_blurb][et_pb_blurb title=&#8221;FRONT&#8221; use_icon=&#8221;on&#8221; font_icon=&#8221;%%45%%&#8221; icon_color=&#8221;#000000&#8243; icon_placement=&#8221;left&#8221; use_icon_font_size=&#8221;on&#8221; icon_font_size=&#8221;23px&#8221; _builder_version=&#8221;4.9.10&#8243; header_font=&#8221;|600|||||||&#8221; header_text_color=&#8221;#000000&#8243; header_font_size=&#8221;14px&#8221; body_text_color=&#8221;#000000&#8243; background_layout=&#8221;dark&#8221; custom_margin=&#8221;30px|30px|30px|30px|false|false&#8221;]<\/p>\n<p>Double chamber glass and U.V.filter.<\/p>\n<p>[\/et_pb_blurb][et_pb_blurb title=&#8221;MODULAR&#8221; use_icon=&#8221;on&#8221; font_icon=&#8221;%%45%%&#8221; icon_color=&#8221;#000000&#8243; icon_placement=&#8221;left&#8221; use_icon_font_size=&#8221;on&#8221; icon_font_size=&#8221;23px&#8221; _builder_version=&#8221;4.9.10&#8243; header_font=&#8221;|600|||||||&#8221; header_text_color=&#8221;#000000&#8243; header_font_size=&#8221;14px&#8221; body_text_color=&#8221;#000000&#8243; background_layout=&#8221;dark&#8221; custom_margin=&#8221;30px|30px|30px|30px|false|false&#8221;]<\/p>\n<p>Swing door.<br \/>They can be placed side by side.<\/p>\n<p>[\/et_pb_blurb][\/et_pb_column][\/et_pb_row][et_pb_row _builder_version=&#8221;4.4.2&#8243; max_width=&#8221;900px&#8221; module_alignment=&#8221;center&#8221;][et_pb_column type=&#8221;4_4&#8243; _builder_version=&#8221;4.4.2&#8243;][et_pb_blurb title=&#8221;MODEL&#8221; module_class=&#8221;nine-columns&#8221; _builder_version=&#8221;4.9.10&#8243; header_font=&#8221;Biryani|800|||||||&#8221; header_text_align=&#8221;center&#8221; header_text_color=&#8221;#ffffff&#8221; header_font_size=&#8221;14px&#8221; custom_margin=&#8221;|5px||5px|false|true&#8221; custom_padding=&#8221;||||false|false&#8221; custom_css_main_element=&#8221;display:inline-block;&#8221; custom_css_blurb_title=&#8221;background-color: #81756d;||border-radius: 10px;||padding-top: 10px; ||padding-left: 5px;||padding-right: 5px;&#8221;]<\/p>\n<p style=\"text-align: center;\">2 bottles<\/p>\n<p>[\/et_pb_blurb][et_pb_blurb title=&#8221;WIDTH&#8221; module_class=&#8221;nine-columns&#8221; _builder_version=&#8221;4.9.10&#8243; header_font=&#8221;Biryani|800|||||||&#8221; header_text_align=&#8221;center&#8221; header_text_color=&#8221;#ffffff&#8221; header_font_size=&#8221;14px&#8221; custom_margin=&#8221;|5px||5px|false|true&#8221; custom_css_main_element=&#8221;display:inline-block;&#8221; custom_css_blurb_title=&#8221;background-color: #81756d;||border-radius: 10px;||padding-top: 10px; ||padding-left: 5px;||padding-right: 5px;&#8221;]<\/p>\n<p style=\"text-align: center;\">310 mm<\/p>\n<p>[\/et_pb_blurb][et_pb_blurb title=&#8221;HEIGHT&#8221; module_class=&#8221;nine-columns&#8221; _builder_version=&#8221;4.9.10&#8243; header_font=&#8221;Biryani|800|||||||&#8221; header_text_align=&#8221;center&#8221; header_text_color=&#8221;#ffffff&#8221; header_font_size=&#8221;14px&#8221; custom_margin=&#8221;|5px||5px|false|true&#8221; custom_css_main_element=&#8221;display:inline-block;&#8221; custom_css_blurb_title=&#8221;background-color: #81756d;||border-radius: 10px;||padding-top: 10px; ||padding-left: 5px;||padding-right: 5px;&#8221; custom_css_main_element_last_edited=&#8221;on|tablet&#8221;]<\/p>\n<p style=\"text-align: center;\">620 mm<\/p>\n<p>[\/et_pb_blurb][et_pb_blurb title=&#8221;DEPTH&#8221; module_class=&#8221;nine-columns&#8221; _builder_version=&#8221;4.9.10&#8243; header_font=&#8221;Biryani|800|||||||&#8221; header_text_align=&#8221;center&#8221; header_text_color=&#8221;#ffffff&#8221; header_font_size=&#8221;14px&#8221; custom_margin=&#8221;|5px||5px|false|true&#8221; custom_css_main_element=&#8221;display:inline-block;&#8221; custom_css_blurb_title=&#8221;background-color: #81756d;||border-radius: 10px;||padding-top: 10px; ||padding-left: 5px;||padding-right: 5px;&#8221;]<\/p>\n<p style=\"text-align: center;\">500 mm<\/p>\n<p>[\/et_pb_blurb][et_pb_blurb title=&#8221;WEIGHT&#8221; module_class=&#8221;nine-columns&#8221; _builder_version=&#8221;4.9.10&#8243; header_font=&#8221;Biryani|800|||||||&#8221; header_text_align=&#8221;center&#8221; header_text_color=&#8221;#ffffff&#8221; header_font_size=&#8221;14px&#8221; custom_margin=&#8221;|5px||5px|false|true&#8221; custom_css_main_element=&#8221;display:inline-block;&#8221; custom_css_blurb_title=&#8221;background-color: #81756d;||border-radius: 10px;||padding-top: 10px; ||padding-left: 5px;||padding-right: 5px;&#8221;]<\/p>\n<p style=\"text-align: center;\">28,4 Kg<\/p>\n<p>[\/et_pb_blurb][et_pb_blurb title=&#8221;FREQUENCY&#8221; module_class=&#8221;nine-columns&#8221; _builder_version=&#8221;4.9.10&#8243; header_font=&#8221;Biryani|800|||||||&#8221; header_text_align=&#8221;center&#8221; header_text_color=&#8221;#ffffff&#8221; header_font_size=&#8221;14px&#8221; custom_margin=&#8221;|5px||5px|false|true&#8221; custom_css_main_element=&#8221;display:inline-block;&#8221; custom_css_blurb_title=&#8221;background-color: #81756d;||border-radius: 10px;||padding-top: 10px; ||padding-left: 5px;||padding-right: 5px;&#8221;]<\/p>\n<p style=\"text-align: center;\">50\/60 Hz.<\/p>\n<p>[\/et_pb_blurb][et_pb_blurb title=&#8221;POWER&#8221; module_class=&#8221;nine-columns&#8221; _builder_version=&#8221;4.9.10&#8243; header_font=&#8221;Biryani|800|||||||&#8221; header_text_align=&#8221;center&#8221; header_text_color=&#8221;#ffffff&#8221; header_font_size=&#8221;14px&#8221; custom_margin=&#8221;|5px||5px|false|true&#8221; custom_css_main_element=&#8221;display:inline-block;&#8221; custom_css_blurb_title=&#8221;background-color: #81756d;||border-radius: 10px;||padding-top: 10px; ||padding-left: 5px;||padding-right: 5px;&#8221;]<\/p>\n<p style=\"text-align: center;\">130 W.<\/p>\n<p>[\/et_pb_blurb][et_pb_blurb title=&#8221;TENSION&#8221; module_class=&#8221;nine-columns&#8221; _builder_version=&#8221;4.9.10&#8243; header_font=&#8221;Biryani|800|||||||&#8221; header_text_align=&#8221;center&#8221; header_text_color=&#8221;#ffffff&#8221; header_font_size=&#8221;14px&#8221; custom_margin=&#8221;|5px||5px|false|true&#8221; custom_css_main_element=&#8221;display:inline-block;&#8221; custom_css_blurb_title=&#8221;background-color: #81756d;||border-radius: 10px;||padding-top: 10px; ||padding-left: 5px;||padding-right: 5px;&#8221;]<\/p>\n<p style=\"text-align: center;\">200-230 VAC<\/p>\n<p>[\/et_pb_blurb][et_pb_blurb title=&#8221; GAS PIPE&#8221; module_class=&#8221;nine-columns&#8221; _builder_version=&#8221;4.9.10&#8243; header_font=&#8221;Biryani|800|||||||&#8221; header_text_align=&#8221;center&#8221; header_text_color=&#8221;#ffffff&#8221; header_font_size=&#8221;14px&#8221; custom_margin=&#8221;|5px||5px|false|true&#8221; hover_enabled=&#8221;0&#8243; custom_css_main_element=&#8221;display:inline-block;||margin-bottom: 2.75% !important;&#8221; custom_css_blurb_title=&#8221;background-color: #81756d;||border-radius: 10px;||padding-top: 10px; ||padding-left: 5px;||padding-right: 5px;&#8221; sticky_enabled=&#8221;0&#8243;]<\/p>\n<p style=\"text-align: center;\">14 Kg<\/p>\n<p>[\/et_pb_blurb][\/et_pb_column][\/et_pb_row][et_pb_row use_custom_gutter=&#8221;on&#8221; gutter_width=&#8221;1&#8243; _builder_version=&#8221;4.4.2&#8243;][et_pb_column type=&#8221;4_4&#8243; _builder_version=&#8221;4.4.2&#8243;][et_pb_gallery gallery_ids=&#8221;834,720,723,392,219,207,673,835,836&#8243; gallery_orderby=&#8221;rand&#8221; posts_number=&#8221;9&#8243; show_title_and_caption=&#8221;off&#8221; zoom_icon_color=&#8221;#4bb996&#8243; module_class=&#8221;col-width&#8221; _builder_version=&#8221;4.4.2&#8243; module_alignment=&#8221;center&#8221; custom_css_gallery_item=&#8221;width: 33.33% !important;||margin: 0 !important;||clear: none !important;&#8221;][\/et_pb_gallery][\/et_pb_column][\/et_pb_row][et_pb_row column_structure=&#8221;1_2,1_2&#8243; _builder_version=&#8221;4.4.2&#8243;][et_pb_column type=&#8221;1_2&#8243; _builder_version=&#8221;4.4.2&#8243;][et_pb_text _builder_version=&#8221;4.4.2&#8243; header_3_font=&#8221;Biryani|700|||||||&#8221; header_3_text_color=&#8221;#000000&#8243;]<\/p>\n<h3 style=\"text-align: center;\">PRODUCT SHEET<\/h3>\n<p>[\/et_pb_text][et_pb_button button_url=&#8221;https:\/\/www.newine.com.ar\/wp-content\/uploads\/2021\/10\/NEWINE-FICHAS-TECNICAS-INGLES-mini.pdf&#8221; url_new_window=&#8221;on&#8221; button_text=&#8221;Download&#8221; button_alignment=&#8221;center&#8221; _builder_version=&#8221;4.9.10&#8243; custom_button=&#8221;on&#8221; button_text_size=&#8221;14px&#8221; button_bg_color=&#8221;#3184DA&#8221; button_border_radius=&#8221;10px&#8221; button_letter_spacing=&#8221;0px&#8221; button_font=&#8221;Biryani|800|||||||&#8221; background_layout=&#8221;dark&#8221;][\/et_pb_button][\/et_pb_column][et_pb_column type=&#8221;1_2&#8243; _builder_version=&#8221;4.4.2&#8243;][et_pb_text _builder_version=&#8221;4.4.2&#8243; header_3_font=&#8221;Biryani|700|||||||&#8221; header_3_text_color=&#8221;#000000&#8243;]<\/p>\n<h3 style=\"text-align: center;\">QUOTATION<\/h3>\n<p>[\/et_pb_text][et_pb_button button_url=&#8221;@ET-DC@eyJkeW5hbWljIjp0cnVlLCJjb250ZW50IjoicG9zdF9saW5rX3VybF9wYWdlIiwic2V0dGluZ3MiOnsicG9zdF9pZCI6IjE1MjMifX0=@&#8221; button_text=&#8221;Enquire&#8221; button_alignment=&#8221;center&#8221; _builder_version=&#8221;4.9.10&#8243; _dynamic_attributes=&#8221;button_url&#8221; custom_button=&#8221;on&#8221; button_text_size=&#8221;14px&#8221; button_bg_color=&#8221;#3184DA&#8221; button_border_radius=&#8221;10px&#8221; button_letter_spacing=&#8221;0px&#8221; button_font=&#8221;Biryani|800|||||||&#8221; background_layout=&#8221;dark&#8221;][\/et_pb_button][\/et_pb_column][\/et_pb_row][\/et_pb_section]<\/p>\n","protected":false},"excerpt":{"rendered":"<p>Mini 2\u00a0bottles The best of our technology in an agile design tought for small spaces, small warehouses, the living room of your house or the kitchen. With capacity for two bottles, it preserves your wine for 21 days and it\u00b4s always ready to our a glass of wine at the perfect temperature. No need to [&hellip;]<\/p>\n","protected":false},"author":1,"featured_media":0,"parent":0,"menu_order":0,"comment_status":"closed","ping_status":"closed","template":"","meta":{"_et_pb_use_builder":"on","_et_pb_old_content":"","_et_gb_content_width":"","_monsterinsights_skip_tracking":false,"_monsterinsights_sitenote_active":false,"_monsterinsights_sitenote_note":"","_monsterinsights_sitenote_category":0,"footnotes":""},"class_list":["post-1608","page","type-page","status-publish","hentry"],"yoast_head":"<!-- This site is optimized with the Yoast SEO plugin v27.5 - https:\/\/yoast.com\/product\/yoast-seo-wordpress\/ -->\n<title>Mini - Conserva el vino durante 21 d\u00edas a temperatura perfecta<\/title>\n<meta name=\"description\" content=\"Lo mejor de nuestra tecnolog\u00eda en un dise\u00f1o \u00e1gil pensado para espacios reducidos, peque\u00f1as negocios o el living de tu casa.\" \/>\n<meta name=\"robots\" content=\"index, follow, max-snippet:-1, max-image-preview:large, max-video-preview:-1\" \/>\n<link rel=\"canonical\" href=\"https:\/\/www.newine.com.ar\/en\/mini\/\" \/>\n<meta property=\"og:locale\" content=\"en_US\" \/>\n<meta property=\"og:type\" content=\"article\" \/>\n<meta property=\"og:title\" content=\"Mini - Conserva el vino durante 21 d\u00edas a temperatura perfecta\" \/>\n<meta property=\"og:description\" content=\"Lo mejor de nuestra tecnolog\u00eda en un dise\u00f1o \u00e1gil pensado para espacios reducidos, peque\u00f1as negocios o el living de tu casa.\" \/>\n<meta property=\"og:url\" content=\"https:\/\/www.newine.com.ar\/en\/mini\/\" \/>\n<meta property=\"og:site_name\" content=\"Newine\" \/>\n<meta property=\"article:modified_time\" content=\"2021-10-28T03:28:31+00:00\" \/>\n<meta name=\"twitter:card\" content=\"summary_large_image\" \/>\n<meta name=\"twitter:label1\" content=\"Est. reading time\" \/>\n\t<meta name=\"twitter:data1\" content=\"3 minutes\" \/>\n<script type=\"application\/ld+json\" class=\"yoast-schema-graph\">{\"@context\":\"https:\\\/\\\/schema.org\",\"@graph\":[{\"@type\":\"WebPage\",\"@id\":\"https:\\\/\\\/www.newine.com.ar\\\/en\\\/mini\\\/\",\"url\":\"https:\\\/\\\/www.newine.com.ar\\\/en\\\/mini\\\/\",\"name\":\"Mini - Conserva el vino durante 21 d\u00edas a temperatura perfecta\",\"isPartOf\":{\"@id\":\"https:\\\/\\\/www.newine.com.ar\\\/en\\\/#website\"},\"datePublished\":\"2020-12-03T06:23:21+00:00\",\"dateModified\":\"2021-10-28T03:28:31+00:00\",\"description\":\"Lo mejor de nuestra tecnolog\u00eda en un dise\u00f1o \u00e1gil pensado para espacios reducidos, peque\u00f1as negocios o el living de tu casa.\",\"breadcrumb\":{\"@id\":\"https:\\\/\\\/www.newine.com.ar\\\/en\\\/mini\\\/#breadcrumb\"},\"inLanguage\":\"en-US\",\"potentialAction\":[{\"@type\":\"ReadAction\",\"target\":[\"https:\\\/\\\/www.newine.com.ar\\\/en\\\/mini\\\/\"]}]},{\"@type\":\"BreadcrumbList\",\"@id\":\"https:\\\/\\\/www.newine.com.ar\\\/en\\\/mini\\\/#breadcrumb\",\"itemListElement\":[{\"@type\":\"ListItem\",\"position\":1,\"name\":\"Home\",\"item\":\"https:\\\/\\\/www.newine.com.ar\\\/en\\\/\"},{\"@type\":\"ListItem\",\"position\":2,\"name\":\"Mini\"}]},{\"@type\":\"WebSite\",\"@id\":\"https:\\\/\\\/www.newine.com.ar\\\/en\\\/#website\",\"url\":\"https:\\\/\\\/www.newine.com.ar\\\/en\\\/\",\"name\":\"Newine\",\"description\":\"Premium wine dispensers\",\"potentialAction\":[{\"@type\":\"SearchAction\",\"target\":{\"@type\":\"EntryPoint\",\"urlTemplate\":\"https:\\\/\\\/www.newine.com.ar\\\/en\\\/?s={search_term_string}\"},\"query-input\":{\"@type\":\"PropertyValueSpecification\",\"valueRequired\":true,\"valueName\":\"search_term_string\"}}],\"inLanguage\":\"en-US\"}]}<\/script>\n<!-- \/ Yoast SEO plugin. -->","yoast_head_json":{"title":"Mini - Conserva el vino durante 21 d\u00edas a temperatura perfecta","description":"Lo mejor de nuestra tecnolog\u00eda en un dise\u00f1o \u00e1gil pensado para espacios reducidos, peque\u00f1as negocios o el living de tu casa.","robots":{"index":"index","follow":"follow","max-snippet":"max-snippet:-1","max-image-preview":"max-image-preview:large","max-video-preview":"max-video-preview:-1"},"canonical":"https:\/\/www.newine.com.ar\/en\/mini\/","og_locale":"en_US","og_type":"article","og_title":"Mini - Conserva el vino durante 21 d\u00edas a temperatura perfecta","og_description":"Lo mejor de nuestra tecnolog\u00eda en un dise\u00f1o \u00e1gil pensado para espacios reducidos, peque\u00f1as negocios o el living de tu casa.","og_url":"https:\/\/www.newine.com.ar\/en\/mini\/","og_site_name":"Newine","article_modified_time":"2021-10-28T03:28:31+00:00","twitter_card":"summary_large_image","twitter_misc":{"Est. reading time":"3 minutes"},"schema":{"@context":"https:\/\/schema.org","@graph":[{"@type":"WebPage","@id":"https:\/\/www.newine.com.ar\/en\/mini\/","url":"https:\/\/www.newine.com.ar\/en\/mini\/","name":"Mini - Conserva el vino durante 21 d\u00edas a temperatura perfecta","isPartOf":{"@id":"https:\/\/www.newine.com.ar\/en\/#website"},"datePublished":"2020-12-03T06:23:21+00:00","dateModified":"2021-10-28T03:28:31+00:00","description":"Lo mejor de nuestra tecnolog\u00eda en un dise\u00f1o \u00e1gil pensado para espacios reducidos, peque\u00f1as negocios o el living de tu casa.","breadcrumb":{"@id":"https:\/\/www.newine.com.ar\/en\/mini\/#breadcrumb"},"inLanguage":"en-US","potentialAction":[{"@type":"ReadAction","target":["https:\/\/www.newine.com.ar\/en\/mini\/"]}]},{"@type":"BreadcrumbList","@id":"https:\/\/www.newine.com.ar\/en\/mini\/#breadcrumb","itemListElement":[{"@type":"ListItem","position":1,"name":"Home","item":"https:\/\/www.newine.com.ar\/en\/"},{"@type":"ListItem","position":2,"name":"Mini"}]},{"@type":"WebSite","@id":"https:\/\/www.newine.com.ar\/en\/#website","url":"https:\/\/www.newine.com.ar\/en\/","name":"Newine","description":"Premium wine dispensers","potentialAction":[{"@type":"SearchAction","target":{"@type":"EntryPoint","urlTemplate":"https:\/\/www.newine.com.ar\/en\/?s={search_term_string}"},"query-input":{"@type":"PropertyValueSpecification","valueRequired":true,"valueName":"search_term_string"}}],"inLanguage":"en-US"}]}},"_links":{"self":[{"href":"https:\/\/www.newine.com.ar\/en\/wp-json\/wp\/v2\/pages\/1608","targetHints":{"allow":["GET"]}}],"collection":[{"href":"https:\/\/www.newine.com.ar\/en\/wp-json\/wp\/v2\/pages"}],"about":[{"href":"https:\/\/www.newine.com.ar\/en\/wp-json\/wp\/v2\/types\/page"}],"author":[{"embeddable":true,"href":"https:\/\/www.newine.com.ar\/en\/wp-json\/wp\/v2\/users\/1"}],"replies":[{"embeddable":true,"href":"https:\/\/www.newine.com.ar\/en\/wp-json\/wp\/v2\/comments?post=1608"}],"version-history":[{"count":10,"href":"https:\/\/www.newine.com.ar\/en\/wp-json\/wp\/v2\/pages\/1608\/revisions"}],"predecessor-version":[{"id":2820,"href":"https:\/\/www.newine.com.ar\/en\/wp-json\/wp\/v2\/pages\/1608\/revisions\/2820"}],"wp:attachment":[{"href":"https:\/\/www.newine.com.ar\/en\/wp-json\/wp\/v2\/media?parent=1608"}],"curies":[{"name":"wp","href":"https:\/\/api.w.org\/{rel}","templated":true}]}}