{"id":1624,"date":"2020-12-03T06:32:58","date_gmt":"2020-12-03T06:32:58","guid":{"rendered":"https:\/\/www.newine.com.ar\/?page_id=1624"},"modified":"2021-10-28T03:29:53","modified_gmt":"2021-10-28T03:29:53","slug":"mini","status":"publish","type":"page","link":"https:\/\/www.newine.com.ar\/pt-br\/mini\/","title":{"rendered":"Mini"},"content":{"rendered":"<p>[et_pb_section fb_built=&#8221;1&#8243; _builder_version=&#8221;4.4.2&#8243; da_disable_devices=&#8221;off|off|off&#8221; da_is_popup=&#8221;off&#8221; da_exit_intent=&#8221;off&#8221; da_has_close=&#8221;on&#8221; da_alt_close=&#8221;off&#8221; da_dark_close=&#8221;off&#8221; da_not_modal=&#8221;on&#8221; da_is_singular=&#8221;off&#8221; da_with_loader=&#8221;off&#8221; da_has_shadow=&#8221;on&#8221;][et_pb_row column_structure=&#8221;3_5,2_5&#8243; make_equal=&#8221;on&#8221; _builder_version=&#8221;4.4.2&#8243;][et_pb_column type=&#8221;3_5&#8243; _builder_version=&#8221;4.4.2&#8243; custom_padding=&#8221;|50px|||false|false&#8221; custom_padding_tablet=&#8221;|0px||0px|false|false&#8221; custom_padding_phone=&#8221;&#8221; custom_padding_last_edited=&#8221;on|tablet&#8221; custom_css_main_element=&#8221;margin: auto;&#8221;][et_pb_text _builder_version=&#8221;4.9.10&#8243; text_font=&#8221;Biryani||||||||&#8221; header_2_text_color=&#8221;#000000&#8243; header_3_text_color=&#8221;#81756D&#8221; header_3_font_size=&#8221;22px&#8221; text_orientation_tablet=&#8221;center&#8221; text_orientation_phone=&#8221;&#8221; text_orientation_last_edited=&#8221;on|phone&#8221; module_alignment_tablet=&#8221;&#8221; module_alignment_phone=&#8221;center&#8221; module_alignment_last_edited=&#8221;on|phone&#8221;]<\/p>\n<h2>Mini<\/h2>\n<h3><strong>2 garrafas<\/strong><\/h3>\n<p>O melhor da nossa tecnologia num design \u00e1gil pensado para pequenos espa\u00e7os, pequenos neg\u00f3cios<br \/>O para sua casa. Com capacidade para duas garrafas, este dispensador permite que voc\u00ea desfrute dos seus melhores vinhos onde e quando quiser, sempre na temperatura certa e sem desperdi\u00e7ar uma gota. Mantenha seus vinhos, programe suas medi\u00e7\u00f5es, escolha a temperatura e divirta-se!<\/p>\n<p>[\/et_pb_text][\/et_pb_column][et_pb_column type=&#8221;2_5&#8243; _builder_version=&#8221;4.4.2&#8243;][et_pb_image src=&#8221;https:\/\/www.newine.com.ar\/wp-content\/uploads\/2021\/05\/DISPENSADORA-A-OK.png&#8221; alt=&#8221;Wine Dispensers Vino por copa&#8221; align_tablet=&#8221;center&#8221; align_phone=&#8221;&#8221; align_last_edited=&#8221;on|phone&#8221; _builder_version=&#8221;4.9.10&#8243; width=&#8221;24vw&#8221; width_tablet=&#8221;50vw&#8221; width_phone=&#8221;&#8221; width_last_edited=&#8221;on|desktop&#8221; module_alignment=&#8221;center&#8221; custom_margin_tablet=&#8221;30px||||false|false&#8221; custom_margin_phone=&#8221;&#8221; custom_margin_last_edited=&#8221;on|phone&#8221; module_alignment_tablet=&#8221;&#8221; module_alignment_phone=&#8221;&#8221; module_alignment_last_edited=&#8221;on|desktop&#8221;][\/et_pb_image][\/et_pb_column][\/et_pb_row][et_pb_row _builder_version=&#8221;4.4.2&#8243;][et_pb_column type=&#8221;4_4&#8243; _builder_version=&#8221;4.4.2&#8243;][et_pb_text _builder_version=&#8221;4.4.2&#8243; header_3_text_color=&#8221;#000000&#8243; header_3_font_size=&#8221;22px&#8221; header_4_text_color=&#8221;#000000&#8243;]<\/p>\n<h3 style=\"text-align: center;\">CARACTER\u00cdSTICAS PRINCIPAIS<\/h3>\n<p>[\/et_pb_text][\/et_pb_column][\/et_pb_row][et_pb_row column_structure=&#8221;1_2,1_2&#8243; make_equal=&#8221;on&#8221; _builder_version=&#8221;4.4.2&#8243; module_alignment=&#8221;center&#8221;][et_pb_column type=&#8221;1_2&#8243; _builder_version=&#8221;4.9.10&#8243; background_color=&#8221;#CAC4BE&#8221; border_radii=&#8221;on|10px|10px|10px|10px&#8221;][et_pb_blurb title=&#8221;TEMPERATURA DE OPERA\u00c7\u00c3O&#8221; use_icon=&#8221;on&#8221; font_icon=&#8221;%%45%%&#8221; icon_color=&#8221;#000000&#8243; icon_placement=&#8221;left&#8221; use_icon_font_size=&#8221;on&#8221; icon_font_size=&#8221;23px&#8221; _builder_version=&#8221;4.9.10&#8243; header_font=&#8221;|600|||||||&#8221; header_text_color=&#8221;#000000&#8243; header_font_size=&#8221;14px&#8221; body_text_color=&#8221;#000000&#8243; background_layout=&#8221;dark&#8221; custom_margin=&#8221;30px|30px||30px|false|false&#8221;]<\/p>\n<p>Temperatura program\u00e1vel entre 5\u00baC e 19\u00baC com controle eletr\u00f4nico digital.<\/p>\n<p>[\/et_pb_blurb][et_pb_blurb title=&#8221;DOSAGEM&#8221; use_icon=&#8221;on&#8221; font_icon=&#8221;%%45%%&#8221; icon_color=&#8221;#000000&#8243; icon_placement=&#8221;left&#8221; use_icon_font_size=&#8221;on&#8221; icon_font_size=&#8221;23px&#8221; _builder_version=&#8221;4.9.10&#8243; header_font=&#8221;|600|||||||&#8221; header_text_color=&#8221;#000000&#8243; header_font_size=&#8221;14px&#8221; body_text_color=&#8221;#000000&#8243; background_layout=&#8221;dark&#8221; custom_margin=&#8221;30px|30px||30px|false|false&#8221;]<\/p>\n<p>3 medidas configur\u00e1veis.<\/p>\n<p>[\/et_pb_blurb][et_pb_blurb title=&#8221;ILUMINA\u00c7\u00c3O INTERIOR&#8221; use_icon=&#8221;on&#8221; font_icon=&#8221;%%45%%&#8221; icon_color=&#8221;#000000&#8243; icon_placement=&#8221;left&#8221; use_icon_font_size=&#8221;on&#8221; icon_font_size=&#8221;23px&#8221; _builder_version=&#8221;4.9.10&#8243; header_font=&#8221;|600|||||||&#8221; header_text_color=&#8221;#000000&#8243; header_font_size=&#8221;14px&#8221; body_text_color=&#8221;#000000&#8243; background_layout=&#8221;dark&#8221; custom_margin=&#8221;30px|30px||30px|false|false&#8221;]<\/p>\n<p>Sistema Cool LED que n\u00e3o distorce a qualidade do vinho.<\/p>\n<p>[\/et_pb_blurb][et_pb_blurb title=&#8221;BASES FLEX\u00cdVEIS&#8221; use_icon=&#8221;on&#8221; font_icon=&#8221;%%45%%&#8221; icon_color=&#8221;#000000&#8243; icon_placement=&#8221;left&#8221; use_icon_font_size=&#8221;on&#8221; icon_font_size=&#8221;23px&#8221; _builder_version=&#8221;4.9.10&#8243; header_font=&#8221;|600|||||||&#8221; header_text_color=&#8221;#000000&#8243; header_font_size=&#8221;14px&#8221; body_text_color=&#8221;#000000&#8243; background_layout=&#8221;dark&#8221; custom_margin=&#8221;30px|30px||30px|false|false&#8221;]<\/p>\n<p>Eles se adaptam \u00e0s diferentes alturas das garrafas.<\/p>\n<p>[\/et_pb_blurb][et_pb_blurb title=&#8221;ACABAMENTO E CORES&#8221; use_icon=&#8221;on&#8221; font_icon=&#8221;%%45%%&#8221; icon_color=&#8221;#000000&#8243; icon_placement=&#8221;left&#8221; use_icon_font_size=&#8221;on&#8221; icon_font_size=&#8221;23px&#8221; _builder_version=&#8221;4.9.10&#8243; header_font=&#8221;|600|||||||&#8221; header_text_color=&#8221;#000000&#8243; header_font_size=&#8221;14px&#8221; body_text_color=&#8221;#000000&#8243; background_layout=&#8221;dark&#8221; custom_margin=&#8221;30px|30px||30px|false|false&#8221;]<\/p>\n<p>Preto Standard &#8211; Outros, consulte.<\/p>\n<p>[\/et_pb_blurb][et_pb_blurb title=&#8221;LIMPEZA&#8221; use_icon=&#8221;on&#8221; font_icon=&#8221;%%45%%&#8221; icon_color=&#8221;#000000&#8243; icon_placement=&#8221;left&#8221; use_icon_font_size=&#8221;on&#8221; icon_font_size=&#8221;23px&#8221; _builder_version=&#8221;4.9.10&#8243; header_font=&#8221;|600|||||||&#8221; header_text_color=&#8221;#000000&#8243; header_font_size=&#8221;14px&#8221; body_text_color=&#8221;#000000&#8243; background_layout=&#8221;dark&#8221; custom_margin=&#8221;30px|30px|30px|30px|false|false&#8221;]<\/p>\n<p>Componentes remov\u00edveis que facilitam a manuten\u00e7\u00e3o e higiene do equipamento.<\/p>\n<p>[\/et_pb_blurb][\/et_pb_column][et_pb_column type=&#8221;1_2&#8243; _builder_version=&#8221;4.9.10&#8243; background_color=&#8221;#CAC4BE&#8221; border_radii=&#8221;on|10px|10px|10px|10px&#8221;][et_pb_blurb title=&#8221;CAPACIDADE&#8221; use_icon=&#8221;on&#8221; font_icon=&#8221;%%45%%&#8221; icon_color=&#8221;#000000&#8243; icon_placement=&#8221;left&#8221; use_icon_font_size=&#8221;on&#8221; icon_font_size=&#8221;23px&#8221; _builder_version=&#8221;4.9.10&#8243; header_font=&#8221;|600|||||||&#8221; header_text_color=&#8221;#000000&#8243; header_font_size=&#8221;14px&#8221; body_text_color=&#8221;#000000&#8243; background_layout=&#8221;dark&#8221; custom_margin=&#8221;30px|30px||30px|false|false&#8221;]<\/p>\n<p>2 garrafas.<\/p>\n<p>[\/et_pb_blurb][et_pb_blurb title=&#8221;SISTEMA DE REFRIGERA\u00c7\u00c3O&#8221; use_icon=&#8221;on&#8221; font_icon=&#8221;%%45%%&#8221; icon_color=&#8221;#000000&#8243; icon_placement=&#8221;left&#8221; use_icon_font_size=&#8221;on&#8221; icon_font_size=&#8221;23px&#8221; _builder_version=&#8221;4.9.10&#8243; header_font=&#8221;|600|||||||&#8221; header_text_color=&#8221;#000000&#8243; header_font_size=&#8221;14px&#8221; body_text_color=&#8221;#000000&#8243; background_layout=&#8221;dark&#8221; custom_margin=&#8221;30px|30px||30px|false|false&#8221;]<\/p>\n<p><span style=\"font-weight: 400;\">Sistema de compressor para m\u00e1xima efici\u00eancia.<\/span><\/p>\n<p>[\/et_pb_blurb][et_pb_blurb title=&#8221;ALIMENTANDO&#8221; use_icon=&#8221;on&#8221; font_icon=&#8221;%%45%%&#8221; icon_color=&#8221;#000000&#8243; icon_placement=&#8221;left&#8221; use_icon_font_size=&#8221;on&#8221; icon_font_size=&#8221;23px&#8221; _builder_version=&#8221;4.9.10&#8243; header_font=&#8221;|600|||||||&#8221; header_text_color=&#8221;#000000&#8243; header_font_size=&#8221;14px&#8221; body_text_color=&#8221;#000000&#8243; background_layout=&#8221;dark&#8221; custom_margin=&#8221;30px|30px||30px|false|false&#8221;]<\/p>\n<p>\u00c9 utilizado g\u00e1s arg\u00f4nio, este \u00e9 um g\u00e1s inerte seguro para alimentos. Tubo 100% recicl\u00e1vel.<\/p>\n<p>[\/et_pb_blurb][et_pb_blurb title=&#8221;POSICIONAMENTO&#8221; use_icon=&#8221;on&#8221; font_icon=&#8221;%%45%%&#8221; icon_color=&#8221;#000000&#8243; icon_placement=&#8221;left&#8221; use_icon_font_size=&#8221;on&#8221; icon_font_size=&#8221;23px&#8221; _builder_version=&#8221;4.9.10&#8243; header_font=&#8221;|600|||||||&#8221; header_text_color=&#8221;#000000&#8243; header_font_size=&#8221;14px&#8221; body_text_color=&#8221;#000000&#8243; background_layout=&#8221;dark&#8221; custom_margin=&#8221;30px|30px||30px|false|false&#8221;]<\/p>\n<p>Eles requerem 10 cm de cada lado para ventila\u00e7\u00e3o.<\/p>\n<p>[\/et_pb_blurb][et_pb_blurb title=&#8221;FRENTE&#8221; use_icon=&#8221;on&#8221; font_icon=&#8221;%%45%%&#8221; icon_color=&#8221;#000000&#8243; icon_placement=&#8221;left&#8221; use_icon_font_size=&#8221;on&#8221; icon_font_size=&#8221;23px&#8221; _builder_version=&#8221;4.9.10&#8243; header_font=&#8221;|600|||||||&#8221; header_text_color=&#8221;#000000&#8243; header_font_size=&#8221;14px&#8221; body_text_color=&#8221;#000000&#8243; background_layout=&#8221;dark&#8221; custom_margin=&#8221;30px|30px|30px|30px|false|false&#8221;]<\/p>\n<p>Vidro de c\u00e2mara dupla e filtro U.V.<\/p>\n<p>[\/et_pb_blurb][et_pb_blurb title=&#8221;MODULAR&#8221; use_icon=&#8221;on&#8221; font_icon=&#8221;%%45%%&#8221; icon_color=&#8221;#000000&#8243; icon_placement=&#8221;left&#8221; use_icon_font_size=&#8221;on&#8221; icon_font_size=&#8221;23px&#8221; _builder_version=&#8221;4.9.10&#8243; header_font=&#8221;|600|||||||&#8221; header_text_color=&#8221;#000000&#8243; header_font_size=&#8221;14px&#8221; body_text_color=&#8221;#000000&#8243; background_layout=&#8221;dark&#8221; custom_margin=&#8221;30px|30px|30px|30px|false|false&#8221;]<\/p>\n<p>Porta girat\u00f3ria.<br \/>Eles podem ser colocados lado a lado.<\/p>\n<p>[\/et_pb_blurb][\/et_pb_column][\/et_pb_row][et_pb_row _builder_version=&#8221;4.4.2&#8243; max_width=&#8221;900px&#8221; module_alignment=&#8221;center&#8221;][et_pb_column type=&#8221;4_4&#8243; _builder_version=&#8221;4.4.2&#8243;][et_pb_blurb title=&#8221;MODELO&#8221; module_class=&#8221;nine-columns&#8221; _builder_version=&#8221;4.9.10&#8243; header_font=&#8221;Biryani|800|||||||&#8221; header_text_align=&#8221;center&#8221; header_text_color=&#8221;#ffffff&#8221; header_font_size=&#8221;14px&#8221; custom_margin=&#8221;|5px||5px|false|true&#8221; custom_padding=&#8221;||||false|false&#8221; custom_css_main_element=&#8221;display:inline-block;&#8221; custom_css_blurb_title=&#8221;background-color: #81756d;||border-radius: 10px;||padding-top: 10px; ||padding-left: 5px;||padding-right: 5px;&#8221;]<\/p>\n<p style=\"text-align: center;\">2 <span style=\"font-weight: 400;\">garrafas<\/span><\/p>\n<p>[\/et_pb_blurb][et_pb_blurb title=&#8221;LARGURA&#8221; module_class=&#8221;nine-columns&#8221; _builder_version=&#8221;4.9.10&#8243; header_font=&#8221;Biryani|800|||||||&#8221; header_text_align=&#8221;center&#8221; header_text_color=&#8221;#ffffff&#8221; header_font_size=&#8221;14px&#8221; custom_margin=&#8221;|5px||5px|false|true&#8221; custom_css_main_element=&#8221;display:inline-block;&#8221; custom_css_blurb_title=&#8221;background-color: #81756d;||border-radius: 10px;||padding-top: 10px; ||padding-left: 5px;||padding-right: 5px;&#8221;]<\/p>\n<p style=\"text-align: center;\">310 mm<\/p>\n<p>[\/et_pb_blurb][et_pb_blurb title=&#8221;ALTURA&#8221; module_class=&#8221;nine-columns&#8221; _builder_version=&#8221;4.9.10&#8243; header_font=&#8221;Biryani|800|||||||&#8221; header_text_align=&#8221;center&#8221; header_text_color=&#8221;#ffffff&#8221; header_font_size=&#8221;14px&#8221; custom_margin=&#8221;|5px||5px|false|true&#8221; custom_css_main_element=&#8221;display:inline-block;&#8221; custom_css_blurb_title=&#8221;background-color: #81756d;||border-radius: 10px;||padding-top: 10px; ||padding-left: 5px;||padding-right: 5px;&#8221; custom_css_main_element_last_edited=&#8221;on|tablet&#8221;]<\/p>\n<p style=\"text-align: center;\">620 mm<\/p>\n<p>[\/et_pb_blurb][et_pb_blurb title=&#8221;PROFUNDIDADE&#8221; module_class=&#8221;nine-columns&#8221; _builder_version=&#8221;4.9.10&#8243; header_font=&#8221;Biryani|800|||||||&#8221; header_text_align=&#8221;center&#8221; header_text_color=&#8221;#ffffff&#8221; header_font_size=&#8221;14px&#8221; custom_margin=&#8221;|5px||5px|false|true&#8221; custom_css_main_element=&#8221;display:inline-block;&#8221; custom_css_blurb_title=&#8221;background-color: #81756d;||border-radius: 10px;||padding-top: 10px; ||padding-left: 5px;||padding-right: 5px;&#8221;]<\/p>\n<p style=\"text-align: center;\">500 mm<\/p>\n<p>[\/et_pb_blurb][et_pb_blurb title=&#8221;PESO&#8221; module_class=&#8221;nine-columns&#8221; _builder_version=&#8221;4.9.10&#8243; header_font=&#8221;Biryani|800|||||||&#8221; header_text_align=&#8221;center&#8221; header_text_color=&#8221;#ffffff&#8221; header_font_size=&#8221;14px&#8221; custom_margin=&#8221;|5px||5px|false|true&#8221; custom_css_main_element=&#8221;display:inline-block;&#8221; custom_css_blurb_title=&#8221;background-color: #81756d;||border-radius: 10px;||padding-top: 10px; ||padding-left: 5px;||padding-right: 5px;&#8221;]<\/p>\n<p style=\"text-align: center;\">28,4 Kg<\/p>\n<p>[\/et_pb_blurb][et_pb_blurb title=&#8221;FREQU\u00caNCIA&#8221; module_class=&#8221;nine-columns&#8221; _builder_version=&#8221;4.9.10&#8243; header_font=&#8221;Biryani|800|||||||&#8221; header_text_align=&#8221;center&#8221; header_text_color=&#8221;#ffffff&#8221; header_font_size=&#8221;14px&#8221; custom_margin=&#8221;|5px||5px|false|true&#8221; custom_css_main_element=&#8221;display:inline-block;&#8221; custom_css_blurb_title=&#8221;background-color: #81756d;||border-radius: 10px;||padding-top: 10px; ||padding-left: 5px;||padding-right: 5px;&#8221;]<\/p>\n<p style=\"text-align: center;\">50\/60 Hz.<\/p>\n<p>[\/et_pb_blurb][et_pb_blurb title=&#8221;PODER&#8221; module_class=&#8221;nine-columns&#8221; _builder_version=&#8221;4.9.10&#8243; header_font=&#8221;Biryani|800|||||||&#8221; header_text_align=&#8221;center&#8221; header_text_color=&#8221;#ffffff&#8221; header_font_size=&#8221;14px&#8221; custom_margin=&#8221;|5px||5px|false|true&#8221; custom_css_main_element=&#8221;display:inline-block;&#8221; custom_css_blurb_title=&#8221;background-color: #81756d;||border-radius: 10px;||padding-top: 10px; ||padding-left: 5px;||padding-right: 5px;&#8221;]<\/p>\n<p style=\"text-align: center;\">130 W.<\/p>\n<p>[\/et_pb_blurb][et_pb_blurb title=&#8221;TENS\u00c3O&#8221; module_class=&#8221;nine-columns&#8221; _builder_version=&#8221;4.9.10&#8243; header_font=&#8221;Biryani|800|||||||&#8221; header_text_align=&#8221;center&#8221; header_text_color=&#8221;#ffffff&#8221; header_font_size=&#8221;14px&#8221; custom_margin=&#8221;|5px||5px|false|true&#8221; custom_css_main_element=&#8221;display:inline-block;&#8221; custom_css_blurb_title=&#8221;background-color: #81756d;||border-radius: 10px;||padding-top: 10px; ||padding-left: 5px;||padding-right: 5px;&#8221;]<\/p>\n<p style=\"text-align: center;\">200-230 VAC<\/p>\n<p>[\/et_pb_blurb][et_pb_blurb title=&#8221;TUBO DE G\u00c1S&#8221; module_class=&#8221;nine-columns&#8221; _builder_version=&#8221;4.9.10&#8243; header_font=&#8221;Biryani|800|||||||&#8221; header_text_align=&#8221;center&#8221; header_text_color=&#8221;#ffffff&#8221; header_font_size=&#8221;14px&#8221; custom_margin=&#8221;|5px||5px|false|true&#8221; hover_enabled=&#8221;0&#8243; custom_css_main_element=&#8221;display:inline-block;||margin-bottom: 2.75% !important;&#8221; custom_css_blurb_title=&#8221;background-color: #81756d;||border-radius: 10px;||padding-top: 10px; ||padding-left: 5px;||padding-right: 5px;&#8221; sticky_enabled=&#8221;0&#8243;]<\/p>\n<p style=\"text-align: center;\">14 Kg<\/p>\n<p>[\/et_pb_blurb][\/et_pb_column][\/et_pb_row][et_pb_row use_custom_gutter=&#8221;on&#8221; gutter_width=&#8221;1&#8243; _builder_version=&#8221;4.4.2&#8243;][et_pb_column type=&#8221;4_4&#8243; _builder_version=&#8221;4.4.2&#8243;][et_pb_gallery gallery_ids=&#8221;834,720,723,392,219,207,673,835,836&#8243; gallery_orderby=&#8221;rand&#8221; posts_number=&#8221;9&#8243; show_title_and_caption=&#8221;off&#8221; zoom_icon_color=&#8221;#4bb996&#8243; module_class=&#8221;col-width&#8221; _builder_version=&#8221;4.4.2&#8243; module_alignment=&#8221;center&#8221; custom_css_gallery_item=&#8221;width: 33.33% !important;||margin: 0 !important;||clear: none !important;&#8221;][\/et_pb_gallery][\/et_pb_column][\/et_pb_row][et_pb_row column_structure=&#8221;1_2,1_2&#8243; _builder_version=&#8221;4.4.2&#8243;][et_pb_column type=&#8221;1_2&#8243; _builder_version=&#8221;4.4.2&#8243;][et_pb_text _builder_version=&#8221;4.4.2&#8243; header_3_font=&#8221;Biryani|700|||||||&#8221; header_3_text_color=&#8221;#000000&#8243;]<\/p>\n<h3 style=\"text-align: center;\">FICHA T\u00c9CNICA<\/h3>\n<p>[\/et_pb_text][et_pb_button button_url=&#8221;https:\/\/www.newine.com.ar\/wp-content\/uploads\/2021\/10\/NEWINE-FICHAS-TECNICAS-PORTUGUES-mini.pdf&#8221; url_new_window=&#8221;on&#8221; button_text=&#8221;Baixar&#8221; button_alignment=&#8221;center&#8221; _builder_version=&#8221;4.9.10&#8243; custom_button=&#8221;on&#8221; button_text_size=&#8221;14px&#8221; button_bg_color=&#8221;#3184DA&#8221; button_border_radius=&#8221;10px&#8221; button_letter_spacing=&#8221;0px&#8221; button_font=&#8221;Biryani|800|||||||&#8221; background_layout=&#8221;dark&#8221;][\/et_pb_button][\/et_pb_column][et_pb_column type=&#8221;1_2&#8243; _builder_version=&#8221;4.4.2&#8243;][et_pb_text _builder_version=&#8221;4.4.2&#8243; header_3_font=&#8221;Biryani|700|||||||&#8221; header_3_text_color=&#8221;#000000&#8243;]<\/p>\n<h3 style=\"text-align: center;\">DESPESAS<\/h3>\n<p>[\/et_pb_text][et_pb_button button_url=&#8221;https:\/\/www.newine.com.ar\/presupuesto\/&#8221; button_text=&#8221;Solicita\u00e7\u00e3o&#8221; button_alignment=&#8221;center&#8221; _builder_version=&#8221;4.9.10&#8243; custom_button=&#8221;on&#8221; button_text_size=&#8221;14px&#8221; button_bg_color=&#8221;#3184DA&#8221; button_border_radius=&#8221;10px&#8221; button_letter_spacing=&#8221;0px&#8221; button_font=&#8221;Biryani|800|||||||&#8221; background_layout=&#8221;dark&#8221;][\/et_pb_button][\/et_pb_column][\/et_pb_row][\/et_pb_section]<\/p>\n","protected":false},"excerpt":{"rendered":"<p>Mini 2 garrafas O melhor da nossa tecnologia num design \u00e1gil pensado para pequenos espa\u00e7os, pequenos neg\u00f3ciosO para sua casa. Com capacidade para duas garrafas, este dispensador permite que voc\u00ea desfrute dos seus melhores vinhos onde e quando quiser, sempre na temperatura certa e sem desperdi\u00e7ar uma gota. Mantenha seus vinhos, programe suas medi\u00e7\u00f5es, escolha [&hellip;]<\/p>\n","protected":false},"author":1,"featured_media":0,"parent":0,"menu_order":0,"comment_status":"closed","ping_status":"closed","template":"","meta":{"_et_pb_use_builder":"on","_et_pb_old_content":"","_et_gb_content_width":"","_monsterinsights_skip_tracking":false,"_monsterinsights_sitenote_active":false,"_monsterinsights_sitenote_note":"","_monsterinsights_sitenote_category":0,"footnotes":""},"class_list":["post-1624","page","type-page","status-publish","hentry"],"yoast_head":"<!-- This site is optimized with the Yoast SEO plugin v27.5 - https:\/\/yoast.com\/product\/yoast-seo-wordpress\/ -->\n<title>Mini - Preserve o seu vinho por 21 dias na temperatura perfeita<\/title>\n<meta name=\"description\" content=\"O melhor da nossa tecnologia num design \u00e1gil pensado para pequenos espa\u00e7os, pequenos neg\u00f3cios ou a sua sala de estar.\" \/>\n<meta name=\"robots\" content=\"index, follow, max-snippet:-1, max-image-preview:large, max-video-preview:-1\" \/>\n<link rel=\"canonical\" href=\"https:\/\/www.newine.com.ar\/pt-br\/mini\/\" \/>\n<meta property=\"og:locale\" content=\"pt_BR\" \/>\n<meta property=\"og:type\" content=\"article\" \/>\n<meta property=\"og:title\" content=\"Mini - Preserve o seu vinho por 21 dias na temperatura perfeita\" \/>\n<meta property=\"og:description\" content=\"O melhor da nossa tecnologia num design \u00e1gil pensado para pequenos espa\u00e7os, pequenos neg\u00f3cios ou a sua sala de estar.\" \/>\n<meta property=\"og:url\" content=\"https:\/\/www.newine.com.ar\/pt-br\/mini\/\" \/>\n<meta property=\"og:site_name\" content=\"Newine\" \/>\n<meta property=\"article:modified_time\" content=\"2021-10-28T03:29:53+00:00\" \/>\n<meta name=\"twitter:card\" content=\"summary_large_image\" \/>\n<meta name=\"twitter:label1\" content=\"Est. tempo de leitura\" \/>\n\t<meta name=\"twitter:data1\" content=\"3 minutos\" \/>\n<script type=\"application\/ld+json\" class=\"yoast-schema-graph\">{\"@context\":\"https:\\\/\\\/schema.org\",\"@graph\":[{\"@type\":\"WebPage\",\"@id\":\"https:\\\/\\\/www.newine.com.ar\\\/pt-br\\\/mini\\\/\",\"url\":\"https:\\\/\\\/www.newine.com.ar\\\/pt-br\\\/mini\\\/\",\"name\":\"Mini - Preserve o seu vinho por 21 dias na temperatura perfeita\",\"isPartOf\":{\"@id\":\"https:\\\/\\\/www.newine.com.ar\\\/pt-br\\\/#website\"},\"datePublished\":\"2020-12-03T06:32:58+00:00\",\"dateModified\":\"2021-10-28T03:29:53+00:00\",\"description\":\"O melhor da nossa tecnologia num design \u00e1gil pensado para pequenos espa\u00e7os, pequenos neg\u00f3cios ou a sua sala de estar.\",\"breadcrumb\":{\"@id\":\"https:\\\/\\\/www.newine.com.ar\\\/pt-br\\\/mini\\\/#breadcrumb\"},\"inLanguage\":\"pt-BR\",\"potentialAction\":[{\"@type\":\"ReadAction\",\"target\":[\"https:\\\/\\\/www.newine.com.ar\\\/pt-br\\\/mini\\\/\"]}]},{\"@type\":\"BreadcrumbList\",\"@id\":\"https:\\\/\\\/www.newine.com.ar\\\/pt-br\\\/mini\\\/#breadcrumb\",\"itemListElement\":[{\"@type\":\"ListItem\",\"position\":1,\"name\":\"Home\",\"item\":\"https:\\\/\\\/www.newine.com.ar\\\/pt-br\\\/\"},{\"@type\":\"ListItem\",\"position\":2,\"name\":\"Mini\"}]},{\"@type\":\"WebSite\",\"@id\":\"https:\\\/\\\/www.newine.com.ar\\\/pt-br\\\/#website\",\"url\":\"https:\\\/\\\/www.newine.com.ar\\\/pt-br\\\/\",\"name\":\"Newine\",\"description\":\"Premium wine dispensers\",\"potentialAction\":[{\"@type\":\"SearchAction\",\"target\":{\"@type\":\"EntryPoint\",\"urlTemplate\":\"https:\\\/\\\/www.newine.com.ar\\\/pt-br\\\/?s={search_term_string}\"},\"query-input\":{\"@type\":\"PropertyValueSpecification\",\"valueRequired\":true,\"valueName\":\"search_term_string\"}}],\"inLanguage\":\"pt-BR\"}]}<\/script>\n<!-- \/ Yoast SEO plugin. -->","yoast_head_json":{"title":"Mini - Preserve o seu vinho por 21 dias na temperatura perfeita","description":"O melhor da nossa tecnologia num design \u00e1gil pensado para pequenos espa\u00e7os, pequenos neg\u00f3cios ou a sua sala de estar.","robots":{"index":"index","follow":"follow","max-snippet":"max-snippet:-1","max-image-preview":"max-image-preview:large","max-video-preview":"max-video-preview:-1"},"canonical":"https:\/\/www.newine.com.ar\/pt-br\/mini\/","og_locale":"pt_BR","og_type":"article","og_title":"Mini - Preserve o seu vinho por 21 dias na temperatura perfeita","og_description":"O melhor da nossa tecnologia num design \u00e1gil pensado para pequenos espa\u00e7os, pequenos neg\u00f3cios ou a sua sala de estar.","og_url":"https:\/\/www.newine.com.ar\/pt-br\/mini\/","og_site_name":"Newine","article_modified_time":"2021-10-28T03:29:53+00:00","twitter_card":"summary_large_image","twitter_misc":{"Est. tempo de leitura":"3 minutos"},"schema":{"@context":"https:\/\/schema.org","@graph":[{"@type":"WebPage","@id":"https:\/\/www.newine.com.ar\/pt-br\/mini\/","url":"https:\/\/www.newine.com.ar\/pt-br\/mini\/","name":"Mini - Preserve o seu vinho por 21 dias na temperatura perfeita","isPartOf":{"@id":"https:\/\/www.newine.com.ar\/pt-br\/#website"},"datePublished":"2020-12-03T06:32:58+00:00","dateModified":"2021-10-28T03:29:53+00:00","description":"O melhor da nossa tecnologia num design \u00e1gil pensado para pequenos espa\u00e7os, pequenos neg\u00f3cios ou a sua sala de estar.","breadcrumb":{"@id":"https:\/\/www.newine.com.ar\/pt-br\/mini\/#breadcrumb"},"inLanguage":"pt-BR","potentialAction":[{"@type":"ReadAction","target":["https:\/\/www.newine.com.ar\/pt-br\/mini\/"]}]},{"@type":"BreadcrumbList","@id":"https:\/\/www.newine.com.ar\/pt-br\/mini\/#breadcrumb","itemListElement":[{"@type":"ListItem","position":1,"name":"Home","item":"https:\/\/www.newine.com.ar\/pt-br\/"},{"@type":"ListItem","position":2,"name":"Mini"}]},{"@type":"WebSite","@id":"https:\/\/www.newine.com.ar\/pt-br\/#website","url":"https:\/\/www.newine.com.ar\/pt-br\/","name":"Newine","description":"Premium wine dispensers","potentialAction":[{"@type":"SearchAction","target":{"@type":"EntryPoint","urlTemplate":"https:\/\/www.newine.com.ar\/pt-br\/?s={search_term_string}"},"query-input":{"@type":"PropertyValueSpecification","valueRequired":true,"valueName":"search_term_string"}}],"inLanguage":"pt-BR"}]}},"_links":{"self":[{"href":"https:\/\/www.newine.com.ar\/pt-br\/wp-json\/wp\/v2\/pages\/1624","targetHints":{"allow":["GET"]}}],"collection":[{"href":"https:\/\/www.newine.com.ar\/pt-br\/wp-json\/wp\/v2\/pages"}],"about":[{"href":"https:\/\/www.newine.com.ar\/pt-br\/wp-json\/wp\/v2\/types\/page"}],"author":[{"embeddable":true,"href":"https:\/\/www.newine.com.ar\/pt-br\/wp-json\/wp\/v2\/users\/1"}],"replies":[{"embeddable":true,"href":"https:\/\/www.newine.com.ar\/pt-br\/wp-json\/wp\/v2\/comments?post=1624"}],"version-history":[{"count":10,"href":"https:\/\/www.newine.com.ar\/pt-br\/wp-json\/wp\/v2\/pages\/1624\/revisions"}],"predecessor-version":[{"id":2821,"href":"https:\/\/www.newine.com.ar\/pt-br\/wp-json\/wp\/v2\/pages\/1624\/revisions\/2821"}],"wp:attachment":[{"href":"https:\/\/www.newine.com.ar\/pt-br\/wp-json\/wp\/v2\/media?parent=1624"}],"curies":[{"name":"wp","href":"https:\/\/api.w.org\/{rel}","templated":true}]}}